{"id":131,"date":"2021-11-14T14:25:51","date_gmt":"2021-11-14T14:25:51","guid":{"rendered":"https:\/\/skibinski-group.de\/?page_id=131"},"modified":"2025-08-18T08:32:53","modified_gmt":"2025-08-18T08:32:53","slug":"impressum","status":"publish","type":"page","link":"https:\/\/skibinski-group.de\/index.php\/impressum\/","title":{"rendered":"Impressum"},"content":{"rendered":"<p>[et_pb_section fb_built=&#8220;1&#8243; custom_padding_last_edited=&#8220;on|tablet&#8220; admin_label=&#8220;Hero Section&#8220; _builder_version=&#8220;4.16&#8243; background_color=&#8220;#1b4332&#8243; background_color_gradient_start=&#8220;rgba(255,255,255,0)&#8220; background_color_gradient_end=&#8220;#ffffff&#8220; background_enable_image=&#8220;off&#8220; custom_padding=&#8220;100px|0px|100px|0px&#8220; custom_padding_tablet=&#8220;|||&#8220; custom_padding_phone=&#8220;|||&#8220; global_colors_info=&#8220;{}&#8220;][et_pb_row _builder_version=&#8220;4.16&#8243; custom_padding=&#8220;|||&#8220; animation_style=&#8220;slide&#8220; animation_direction=&#8220;bottom&#8220; animation_intensity_slide=&#8220;10%&#8220; global_colors_info=&#8220;{}&#8220;][et_pb_column type=&#8220;4_4&#8243; _builder_version=&#8220;4.16&#8243; custom_padding=&#8220;|||&#8220; global_colors_info=&#8220;{}&#8220; custom_padding__hover=&#8220;|||&#8220;][et_pb_text admin_label=&#8220;Title and subhead&#8220; _builder_version=&#8220;4.16&#8243; text_font=&#8220;Roboto||||||||&#8220; text_font_size=&#8220;16px&#8220; text_line_height=&#8220;1.8em&#8220; header_font=&#8220;Roboto|700|||||||&#8220; header_font_size=&#8220;50px&#8220; header_line_height=&#8220;1.4em&#8220; header_2_font=&#8220;||||||||&#8220; text_orientation=&#8220;center&#8220; max_width=&#8220;600px&#8220; module_alignment=&#8220;center&#8220; header_font_size_tablet=&#8220;&#8220; header_font_size_phone=&#8220;40px&#8220; header_font_size_last_edited=&#8220;on|desktop&#8220; locked=&#8220;off&#8220; global_colors_info=&#8220;{}&#8220;]<\/p>\n<h1><span style=\"color: #ffffff;\">Impressum<\/span><\/h1>\n<p>[\/et_pb_text][\/et_pb_column][\/et_pb_row][\/et_pb_section][et_pb_section fb_built=&#8220;1&#8243; _builder_version=&#8220;4.16&#8243; _module_preset=&#8220;default&#8220; global_colors_info=&#8220;{}&#8220;][et_pb_row _builder_version=&#8220;4.16&#8243; _module_preset=&#8220;default&#8220; global_colors_info=&#8220;{}&#8220;][et_pb_column type=&#8220;4_4&#8243; _builder_version=&#8220;4.16&#8243; _module_preset=&#8220;default&#8220; global_colors_info=&#8220;{}&#8220;][et_pb_text _builder_version=&#8220;4.27.4&#8243; _module_preset=&#8220;default&#8220; hover_enabled=&#8220;0&#8243; global_colors_info=&#8220;{}&#8220; sticky_enabled=&#8220;0&#8243; header_2_line_height=&#8220;1.6em&#8220; header_3_line_height=&#8220;1.4em&#8220;]<\/p>\n<section id=\"impressum\">\n<h2>Rechtliche Angaben zum Urheber dieser Website.<\/h2>\n<h3>Unternehmen<\/h3>\n<p>Skibinski GmbH<br \/>F\u00fcrstengrund 12<br \/>48629 Metelen<\/p>\n<p>Handelsregister: HRB 12782<br \/>Registergericht: Amtsgericht Steinfurt<br \/>USt-IdNr.: DE331361775<\/p>\n<p>Vertreten durch den Gesch\u00e4ftsf\u00fchrer: Christian Skibinski<\/p>\n<h3>Kontakt<\/h3>\n<p>Skibinski GmbH<br \/>F\u00fcrstengrund 12<br \/>48629 Metelen<br \/>Telefon: +49 2557 49 99 511<br \/>E-Mail: <a href=\"mailto:info@skibinski-group.de\">info@skibinski-group.de<\/a><br \/>Web: https:\/\/skibinski-group.de\/<\/p>\n<p>Vertreten durch den Gesch\u00e4ftsf\u00fchrer: Christian Skibinski<\/p>\n<p>Inhaltlich Verantwortlich: Christian Skibinski<\/p>\n<h2>Haftung f\u00fcr Links<\/h2>\n<p>Unser Angebot enth\u00e4lt Links zu externen Websites Dritter, auf deren Inhalte wir keinen Einfluss haben. Deshalb k\u00f6nnen wir f\u00fcr diese fremden Inhalte auch keine Gew\u00e4hr \u00fcbernehmen. F\u00fcr die Inhalte der verlinkten Seiten ist stets der jeweilige Anbieter oder Betreiber der Seiten verantwortlich. Die verlinkten Seiten wurden zum Zeitpunkt der Verlinkung auf m\u00f6gliche Rechtsverst\u00f6\u00dfe \u00fcberpr\u00fcft. Rechtswidrige Inhalte waren zum Zeitpunkt der Verlinkung nicht erkennbar.<\/p>\n<p>Eine permanente inhaltliche Kontrolle der verlinkten Seiten ist jedoch ohne konkrete Anhaltspunkte einer Rechtsverletzung nicht zumutbar. Bei Bekanntwerden von Rechtsverletzungen werden wir derartige Links umgehend entfernen.<\/p>\n<\/section>\n<p>[\/et_pb_text][et_pb_text _builder_version=&#8220;4.27.4&#8243; _module_preset=&#8220;default&#8220; hover_enabled=&#8220;0&#8243; global_colors_info=&#8220;{}&#8220; disabled_on=&#8220;on|on|on&#8220; disabled=&#8220;on&#8220; sticky_enabled=&#8220;0&#8243;]<\/p>\n<h3 style=\"text-align: left;\">Angaben gem\u00e4\u00df \u00a7 5 TMG<\/h3>\n<p>Skibinski GmbH<\/p>\n<p>F\u00fcrstengrund 12<\/p>\n<p>48629 Metelen<\/p>\n<p>UST ID Nr. DE331361775<\/p>\n<p>AG Steinfurt HRB 12782<\/p>\n<h3><\/h3>\n<h3>Kontakt<\/h3>\n<p><span>Telefon: +49 2557 49 99 511<\/span><\/p>\n<p><span>E-Mail: info<\/span>@skibinski-group.de<\/p>\n<p><b><\/b><\/p>\n<h3>Haftung f\u00fcr Inhalte<\/h3>\n<p><span>Als Diensteanbieter sind wir gem\u00e4\u00df \u00a7 7 Abs.1 TMG f\u00fcr eigene Inhalte auf diesen Seiten nach den allgemeinen Gesetzen verantwortlich. Nach \u00a7\u00a7 8 bis 10 TMG sind wir als Diensteanbieter jedoch nicht verpflichtet, \u00fcbermittelte oder gespeicherte fremde Informationen zu \u00fcberwachen oder nach Umst\u00e4nden zu forschen, die auf eine rechtswidrige T\u00e4tigkeit hinweisen.\u00a0<\/span><\/p>\n<p><span>Verpflichtungen zur Entfernung oder Sperrung der Nutzung von Informationen nach den allgemeinen Gesetzen bleiben hiervon unber\u00fchrt. Eine diesbez\u00fcgliche Haftung ist jedoch erst ab dem Zeitpunkt der Kenntnis einer konkreten Rechtsverletzung m\u00f6glich. Bei Bekanntwerden von entsprechenden Rechtsverletzungen werden wir diese Inhalte umgehend entfernen.\u00a0<\/span><\/p>\n<p><b><\/b><\/p>\n<h3>Haftung f\u00fcr Links<\/h3>\n<p><span>Unser Angebot enth\u00e4lt Links zu externen Websites Dritter, auf deren Inhalte wir keinen Einfluss haben. Deshalb k\u00f6nnen wir f\u00fcr diese fremden Inhalte auch keine Gew\u00e4hr \u00fcbernehmen. F\u00fcr die Inhalte der verlinkten Seiten ist stets der jeweilige Anbieter oder Betreiber der Seiten verantwortlich. Die verlinkten Seiten wurden zum Zeitpunkt der Verlinkung auf m\u00f6gliche Rechtsverst\u00f6\u00dfe \u00fcberpr\u00fcft. Rechtswidrige Inhalte waren zum Zeitpunkt der Verlinkung nicht erkennbar.\u00a0<\/span><\/p>\n<p><span>Eine permanente inhaltliche Kontrolle der verlinkten Seiten ist jedoch ohne konkrete Anhaltspunkte einer Rechtsverletzung nicht zumutbar. Bei Bekanntwerden von Rechtsverletzungen werden wir derartige Links umgehend entfernen.\u00a0<\/span><\/p>\n<p><b><\/b><\/p>\n<h3>Urheberrecht<\/h3>\n<p><span>Die durch die Seitenbetreiber erstellten Inhalte und Werke auf diesen Seiten unterliegen dem deutschen Urheberrecht. Die Vervielf\u00e4ltigung, Bearbeitung, Verbreitung und jede Art der Verwertung au\u00dferhalb der Grenzen des Urheberrechtes bed\u00fcrfen der schriftlichen Zustimmung des jeweiligen Autors bzw. Erstellers. Downloads und Kopien dieser Seite sind nur f\u00fcr den privaten, nicht kommerziellen Gebrauch gestattet.\u00a0<\/span><\/p>\n<p><span>Soweit die Inhalte auf dieser Seite nicht vom Betreiber erstellt wurden, werden die Urheberrechte Dritter beachtet. Insbesondere werden Inhalte Dritter als solche gekennzeichnet. Sollten Sie trotzdem auf eine Urheberrechtsverletzung aufmerksam werden, bitten wir um einen entsprechenden Hinweis. Bei Bekanntwerden von Rechtsverletzungen werden wir derartige Inhalte umgehend entfernen.\u00a0<\/span><\/p>\n<p><span>Quelle:\u00a0<\/span><\/p>\n<p><span>https:\/\/www.e-recht24.de<\/span><\/p>\n<p>[\/et_pb_text][\/et_pb_column][\/et_pb_row][\/et_pb_section]<\/p>\n","protected":false},"excerpt":{"rendered":"<p>Impressum Rechtliche Angaben zum Urheber dieser Website. Unternehmen Skibinski GmbHF\u00fcrstengrund 1248629 Metelen Handelsregister: HRB 12782Registergericht: Amtsgericht SteinfurtUSt-IdNr.: DE331361775 Vertreten durch den Gesch\u00e4ftsf\u00fchrer: Christian Skibinski Kontakt Skibinski GmbHF\u00fcrstengrund 1248629 MetelenTelefon: +49 2557 49 99 511E-Mail: info@skibinski-group.deWeb: https:\/\/skibinski-group.de\/ Vertreten durch den Gesch\u00e4ftsf\u00fchrer: Christian Skibinski Inhaltlich Verantwortlich: Christian Skibinski Haftung f\u00fcr Links Unser Angebot enth\u00e4lt Links zu externen [&hellip;]<\/p>\n","protected":false},"author":1,"featured_media":0,"parent":0,"menu_order":0,"comment_status":"closed","ping_status":"closed","template":"","meta":{"_et_pb_use_builder":"on","_et_pb_old_content":"","_et_gb_content_width":"","footnotes":""},"class_list":["post-131","page","type-page","status-publish","hentry"],"yoast_head":"<!-- This site is optimized with the Yoast SEO plugin v27.1.1 - https:\/\/yoast.com\/product\/yoast-seo-wordpress\/ -->\n<title>Impressum - Skibinski Group<\/title>\n<meta name=\"robots\" content=\"index, follow, max-snippet:-1, max-image-preview:large, max-video-preview:-1\" \/>\n<link rel=\"canonical\" href=\"https:\/\/skibinski-group.de\/index.php\/impressum\/\" \/>\n<meta property=\"og:locale\" content=\"de_DE\" \/>\n<meta property=\"og:type\" content=\"article\" \/>\n<meta property=\"og:title\" content=\"Impressum - Skibinski Group\" \/>\n<meta property=\"og:description\" content=\"Impressum Rechtliche Angaben zum Urheber dieser Website. Unternehmen Skibinski GmbHF\u00fcrstengrund 1248629 Metelen Handelsregister: HRB 12782Registergericht: Amtsgericht SteinfurtUSt-IdNr.: DE331361775 Vertreten durch den Gesch\u00e4ftsf\u00fchrer: Christian Skibinski Kontakt Skibinski GmbHF\u00fcrstengrund 1248629 MetelenTelefon: +49 2557 49 99 511E-Mail: info@skibinski-group.deWeb: https:\/\/skibinski-group.de\/ Vertreten durch den Gesch\u00e4ftsf\u00fchrer: Christian Skibinski Inhaltlich Verantwortlich: Christian Skibinski Haftung f\u00fcr Links Unser Angebot enth\u00e4lt Links zu externen [&hellip;]\" \/>\n<meta property=\"og:url\" content=\"https:\/\/skibinski-group.de\/index.php\/impressum\/\" \/>\n<meta property=\"og:site_name\" content=\"Skibinski Group\" \/>\n<meta property=\"article:modified_time\" content=\"2025-08-18T08:32:53+00:00\" \/>\n<meta name=\"twitter:card\" content=\"summary_large_image\" \/>\n<script type=\"application\/ld+json\" class=\"yoast-schema-graph\">{\"@context\":\"https:\/\/schema.org\",\"@graph\":[{\"@type\":\"WebPage\",\"@id\":\"https:\/\/skibinski-group.de\/index.php\/impressum\/\",\"url\":\"https:\/\/skibinski-group.de\/index.php\/impressum\/\",\"name\":\"Impressum - Skibinski Group\",\"isPartOf\":{\"@id\":\"https:\/\/skibinski-group.de\/#website\"},\"datePublished\":\"2021-11-14T14:25:51+00:00\",\"dateModified\":\"2025-08-18T08:32:53+00:00\",\"breadcrumb\":{\"@id\":\"https:\/\/skibinski-group.de\/index.php\/impressum\/#breadcrumb\"},\"inLanguage\":\"de\",\"potentialAction\":[{\"@type\":\"ReadAction\",\"target\":[\"https:\/\/skibinski-group.de\/index.php\/impressum\/\"]}]},{\"@type\":\"BreadcrumbList\",\"@id\":\"https:\/\/skibinski-group.de\/index.php\/impressum\/#breadcrumb\",\"itemListElement\":[{\"@type\":\"ListItem\",\"position\":1,\"name\":\"Startseite\",\"item\":\"https:\/\/skibinski-group.de\/\"},{\"@type\":\"ListItem\",\"position\":2,\"name\":\"Impressum\"}]},{\"@type\":\"WebSite\",\"@id\":\"https:\/\/skibinski-group.de\/#website\",\"url\":\"https:\/\/skibinski-group.de\/\",\"name\":\"Skibinski Group\",\"description\":\"Galabau, Objektpflege &amp; Baumaschinenvermietung\",\"potentialAction\":[{\"@type\":\"SearchAction\",\"target\":{\"@type\":\"EntryPoint\",\"urlTemplate\":\"https:\/\/skibinski-group.de\/?s={search_term_string}\"},\"query-input\":{\"@type\":\"PropertyValueSpecification\",\"valueRequired\":true,\"valueName\":\"search_term_string\"}}],\"inLanguage\":\"de\"}]}<\/script>\n<!-- \/ Yoast SEO plugin. -->","yoast_head_json":{"title":"Impressum - Skibinski Group","robots":{"index":"index","follow":"follow","max-snippet":"max-snippet:-1","max-image-preview":"max-image-preview:large","max-video-preview":"max-video-preview:-1"},"canonical":"https:\/\/skibinski-group.de\/index.php\/impressum\/","og_locale":"de_DE","og_type":"article","og_title":"Impressum - Skibinski Group","og_description":"Impressum Rechtliche Angaben zum Urheber dieser Website. Unternehmen Skibinski GmbHF\u00fcrstengrund 1248629 Metelen Handelsregister: HRB 12782Registergericht: Amtsgericht SteinfurtUSt-IdNr.: DE331361775 Vertreten durch den Gesch\u00e4ftsf\u00fchrer: Christian Skibinski Kontakt Skibinski GmbHF\u00fcrstengrund 1248629 MetelenTelefon: +49 2557 49 99 511E-Mail: info@skibinski-group.deWeb: https:\/\/skibinski-group.de\/ Vertreten durch den Gesch\u00e4ftsf\u00fchrer: Christian Skibinski Inhaltlich Verantwortlich: Christian Skibinski Haftung f\u00fcr Links Unser Angebot enth\u00e4lt Links zu externen [&hellip;]","og_url":"https:\/\/skibinski-group.de\/index.php\/impressum\/","og_site_name":"Skibinski Group","article_modified_time":"2025-08-18T08:32:53+00:00","twitter_card":"summary_large_image","schema":{"@context":"https:\/\/schema.org","@graph":[{"@type":"WebPage","@id":"https:\/\/skibinski-group.de\/index.php\/impressum\/","url":"https:\/\/skibinski-group.de\/index.php\/impressum\/","name":"Impressum - Skibinski Group","isPartOf":{"@id":"https:\/\/skibinski-group.de\/#website"},"datePublished":"2021-11-14T14:25:51+00:00","dateModified":"2025-08-18T08:32:53+00:00","breadcrumb":{"@id":"https:\/\/skibinski-group.de\/index.php\/impressum\/#breadcrumb"},"inLanguage":"de","potentialAction":[{"@type":"ReadAction","target":["https:\/\/skibinski-group.de\/index.php\/impressum\/"]}]},{"@type":"BreadcrumbList","@id":"https:\/\/skibinski-group.de\/index.php\/impressum\/#breadcrumb","itemListElement":[{"@type":"ListItem","position":1,"name":"Startseite","item":"https:\/\/skibinski-group.de\/"},{"@type":"ListItem","position":2,"name":"Impressum"}]},{"@type":"WebSite","@id":"https:\/\/skibinski-group.de\/#website","url":"https:\/\/skibinski-group.de\/","name":"Skibinski Group","description":"Galabau, Objektpflege &amp; Baumaschinenvermietung","potentialAction":[{"@type":"SearchAction","target":{"@type":"EntryPoint","urlTemplate":"https:\/\/skibinski-group.de\/?s={search_term_string}"},"query-input":{"@type":"PropertyValueSpecification","valueRequired":true,"valueName":"search_term_string"}}],"inLanguage":"de"}]}},"_links":{"self":[{"href":"https:\/\/skibinski-group.de\/index.php\/wp-json\/wp\/v2\/pages\/131","targetHints":{"allow":["GET"]}}],"collection":[{"href":"https:\/\/skibinski-group.de\/index.php\/wp-json\/wp\/v2\/pages"}],"about":[{"href":"https:\/\/skibinski-group.de\/index.php\/wp-json\/wp\/v2\/types\/page"}],"author":[{"embeddable":true,"href":"https:\/\/skibinski-group.de\/index.php\/wp-json\/wp\/v2\/users\/1"}],"replies":[{"embeddable":true,"href":"https:\/\/skibinski-group.de\/index.php\/wp-json\/wp\/v2\/comments?post=131"}],"version-history":[{"count":6,"href":"https:\/\/skibinski-group.de\/index.php\/wp-json\/wp\/v2\/pages\/131\/revisions"}],"predecessor-version":[{"id":619,"href":"https:\/\/skibinski-group.de\/index.php\/wp-json\/wp\/v2\/pages\/131\/revisions\/619"}],"wp:attachment":[{"href":"https:\/\/skibinski-group.de\/index.php\/wp-json\/wp\/v2\/media?parent=131"}],"curies":[{"name":"wp","href":"https:\/\/api.w.org\/{rel}","templated":true}]}}